{"id":30,"date":"2012-05-05T22:55:55","date_gmt":"2012-05-05T22:55:55","guid":{"rendered":"http:\/\/canadacellton.ca\/cn\/?page_id=30"},"modified":"2012-05-05T22:55:55","modified_gmt":"2012-05-05T22:55:55","slug":"cellton%e8%88%87%e5%85%b6%e5%ae%83%e6%b5%b7%e8%97%bb%e9%a1%9e%e4%bf%9d%e5%81%a5%e5%93%81%e7%9a%84%e4%b8%8d%e5%90%8c%e4%b9%8b%e8%99%95","status":"publish","type":"page","link":"http:\/\/canadacellton.ca\/cn\/%e7%94%a2%e5%93%81%e4%bb%8b%e7%b4%b9\/cellton%e8%88%87%e5%85%b6%e5%ae%83%e6%b5%b7%e8%97%bb%e9%a1%9e%e4%bf%9d%e5%81%a5%e5%93%81%e7%9a%84%e4%b8%8d%e5%90%8c%e4%b9%8b%e8%99%95\/","title":{"rendered":"CELLTON\u00e2\u201e\u00a2\u00e8\u02c6\u2021\u00e5\u2026\u00b6\u00e5\u00ae\u0192\u00e6\u00b5\u00b7\u00e8\u2014\u00bb\u00e9\u00a1\u017e\u00e4\u00bf\u009d\u00e5\u0081\u00a5\u00e5\u201c\u0081\u00e7\u0161\u201e\u00e4\u00b8\u008d\u00e5\u0090\u0152\u00e4\u00b9\u2039\u00e8\u2122\u2022"},"content":{"rendered":"<ul>\n<li>\u00e7\u203a\u00ae\u00e5\u2030\u008d\u00e5\u00b8\u201a\u00e5\u0153\u00ba\u00e4\u00b8\u0160\u00e9\u201d\u20ac\u00e5\u201d\u00ae\u00e7\u0161\u201e\u00e6\u00b5\u00b7\u00e8\u2014\u00bb\u00e7\u00b1\u00bb\u00e4\u00bf\u009d\u00e5\u0081\u00a5\u00e5\u201c\u0081\u00e4\u00b8\u20ac\u00e8\u02c6\u00ac\u00e5\u008f\u00aa\u00e5\u0090\u00ab\u00e6\u0153\u2030\u00e4\u00b8\u20ac\u00e7\u00a7\u008d\u00e6\u00b5\u00b7\u00e8\u2014\u00bb\u00e7\u00b1\u00bb\u00e5\u02c6\u00ab\u00ef\u00bc\u0152\u00e6\u0153\u20ac\u00e9\u00ab\u02dc\u00e7\u00ab\u00af\u00e7\u0161\u201e\u00e4\u00ba\u00a7\u00e5\u201c\u0081\u00e6\u0153\u20ac\u00e5\u00a4\u0161\u00e4\u00b9\u0178\u00e5\u008f\u00aa\u00e5\u0090\u00ab\u00e6\u0153\u203040\u00e5\u00a4\u0161\u00e7\u00a7\u008d\u00e6\u00b5\u00b7\u00e8\u2014\u00bb\u00e3\u20ac\u201a\u00e8\u20ac\u0152CELLTON\u00e2\u201e\u00a2\u00e6\u00b5\u00b7\u00e6\u00b4\u2039\u00e5\u008d\u2022\u00e7\u00bb\u2020\u00e8\u0192\u017e\u00e6\u00b5\u00b7\u00e8\u2014\u00bb\u00e5\u0152\u2026\u00e5\u0090\u00ab\u00e4\u00ba\u2020200\u00e5\u00a4\u0161\u00e7\u00a7\u008d\u00e6\u00b5\u00b7\u00e8\u2014\u00bb\u00e7\u00b1\u00bb\u00e5\u02c6\u00ab\u00ef\u00bc\u0152\u00e6\u2030\u20ac\u00e4\u00bb\u00a5\u00e8\u0090\u00a5\u00e5\u2026\u00bb\u00e6\u203a\u00b4\u00e4\u00b8\u00ba\u00e9\u00bd\u0090\u00e5\u2026\u00a8\u00ef\u00bc\u0152\u00e5\u00af\u00b9\u00e7\u2014\u2026\u00e7\u2014\u2021\u00e7\u0161\u201e\u00e6\u2022\u02c6\u00e6\u017e\u0153\u00e4\u00b9\u0178\u00e6\u203a\u00b4\u00e4\u00b8\u00ba\u00e6\u02dc\u00be\u00e8\u2018\u2014\u00e3\u20ac\u201a<\/li>\n<li>\u00e7\u203a\u00ae\u00e5\u2030\u008d\u00e5\u00b8\u201a\u00e5\u0153\u00ba\u00e4\u00b8\u0160\u00e6\u0153\u2030\u00e4\u00b8\u20ac\u00e4\u00ba\u203a\u00e5\u2026\u00bb\u00e6\u00ae\u2013\u00e5\u0153\u00ba\u00e4\u00b8\u00ba\u00e4\u00ba\u2020\u00e8\u00bf\u00bd\u00e6\u00b1\u201a\u00e6\u0161\u00b4\u00e5\u02c6\u00a9\u00e5\u0153\u00a8\u00e5\u2026\u00bb\u00e6\u00ae\u2013\u00e8\u00bf\u2021\u00e7\u00a8\u2039\u00e4\u00b8\u00ad\u00e4\u00bd\u00bf\u00e7\u201d\u00a8\u00e4\u00ba\u2020\u00e6\u0178\u0090\u00e4\u00ba\u203a\u00e4\u00b8\u008d\u00e5\u02c6\u00a9\u00e4\u00ba\u017d\u00e4\u00ba\u00ba\u00e4\u00bd\u201c\u00e5\u0081\u00a5\u00e5\u00ba\u00b7\u00e7\u0161\u201e\u00e5\u0152\u2013\u00e5\u00ad\u00a6\u00e5\u02c6\u00b6\u00e5\u201c\u0081\u00e6\u02c6\u2013\u00e6\u00b7\u00bb\u00e5\u0160\u00a0\u00e5\u2030\u201a\u00e3\u20ac\u201a\u00e8\u00bf\u02dc\u00e6\u0153\u2030\u00e4\u00b8\u20ac\u00e4\u00ba\u203a\u00e5\u2026\u00bb\u00e6\u00ae\u2013\u00e5\u0153\u00ba\u00e4\u00b8\u00ba\u00e4\u00ba\u2020\u00e9\u2122\u008d\u00e4\u00bd\u017d\u00e6\u02c6\u0090\u00e6\u0153\u00ac\u00e5\u0153\u00a8\u00e9\u2122\u2020\u00e5\u0153\u00b0\u00e7\u0161\u201e\u00e6\u00b7\u00a1\u00e6\u00b0\u00b4\u00e4\u00b8\u00ad\u00e5\u0160\u00a0\u00e5\u2026\u00a5\u00e6\u00b5\u00b7\u00e7\u203a\u0090\u00e6\u00a8\u00a1\u00e6\u2039\u0178\u00e6\u00b5\u00b7\u00e6\u00b4\u2039\u00e7\u017d\u00af\u00e5\u00a2\u0192\u00e8\u00bf\u203a\u00e8\u00a1\u0152\u00e5\u2026\u00bb\u00e6\u00ae\u2013\u00ef\u00bc\u0152\u00e6\u203a\u00b4\u00e6\u0153\u2030\u00e7\u201d\u0161\u00e8\u20ac\u2026\u00e7\u203a\u00b4\u00e6\u017d\u00a5\u00e9\u2021\u2021\u00e7\u201d\u00a8\u00e6\u00b7\u00a1\u00e6\u00b0\u00b4\u00e8\u00bf\u203a\u00e8\u00a1\u0152\u00e5\u2026\u00bb\u00e6\u00ae\u2013\u00ef\u00bc\u0152\u00e8\u00bf\u2122\u00e4\u00ba\u203a\u00e5\u2026\u00bb\u00e6\u00ae\u2013\u00e6\u2013\u00b9\u00e5\u00bc\u008f\u00e6\u2030\u20ac\u00e7\u201d\u0178\u00e4\u00ba\u00a7\u00e5\u2021\u00ba\u00e7\u0161\u201e\u00e6\u00b5\u00b7\u00e8\u2014\u00bb\u00e4\u00b8\u008d\u00e6\u02dc\u00af\u00e6\u02c6\u2018\u00e4\u00bb\u00ac\u00e7\u0153\u0178\u00e6\u00ad\u00a3\u00e9\u0153\u20ac\u00e8\u00a6\u0081\u00e7\u0161\u201e\u00e4\u00ba\u00a7\u00e5\u201c\u0081\u00ef\u00bc\u0152\u00e4\u00be\u2039\u00e5\u00a6\u201a\u00e8\u017e\u00ba\u00e6\u2014\u2039\u00e8\u2014\u00bb\u00e5\u00b0\u00b1\u00e6\u02dc\u00af\u00e5\u008f\u00af\u00e4\u00bb\u00a5\u00e5\u0153\u00a8\u00e6\u00b7\u00a1\u00e6\u00b0\u00b4\u00e4\u00b8\u00ad\u00e5\u2026\u00bb\u00e6\u00ae\u2013\u00e7\u0161\u201e\u00e8\u2014\u00bb\u00e7\u00b1\u00bb\u00e3\u20ac\u201aCELLTON\u00e2\u201e\u00a2\u00e6\u00b5\u00b7\u00e6\u00b4\u2039\u00e5\u008d\u2022\u00e7\u00bb\u2020\u00e8\u0192\u017e\u00e6\u00b5\u00b7\u00e8\u2014\u00bb\u00e6\u02dc\u00af\u00e5\u0153\u00a8\u00e7\u00ba\u00af\u00e5\u00a4\u00a9\u00e7\u201e\u00b6\u00e4\u00b8\u201d\u00e6\u2014\u00a0\u00e6\u00af\u2019\u00e6\u2014\u00a0\u00e6\u00b1\u00a1\u00e6\u0178\u201c\u00e7\u0161\u201e\u00e5\u017d\u0178\u00e5\u00a7\u2039\u00e6\u00b5\u00b7\u00e6\u00b4\u2039\u00e7\u201d\u0178\u00e6\u20ac\u0081\u00e7\u017d\u00af\u00e5\u00a2\u0192\u00e4\u00b8\u00ad\u00e5\u0178\u00b9\u00e6\u00a4\u008d\u00e7\u0161\u201e\u00e4\u00ba\u00a7\u00e5\u201c\u0081\u00ef\u00bc\u0152\u00e6\u00b2\u00a1\u00e6\u0153\u2030\u00e4\u00bd\u00bf\u00e7\u201d\u00a8\u00e4\u00bb\u00bb\u00e4\u00bd\u2022\u00e5\u0152\u2013\u00e5\u00ad\u00a6\u00e6\u02c6\u0090\u00e4\u00bb\u00bd\u00e5\u2019\u0152\u00e6\u00b7\u00bb\u00e5\u0160\u00a0\u00e5\u2030\u201a\u00e3\u20ac\u201a\u00e5\u00ae\u0192\u00e6\u02dc\u00af\u00e5\u00ae\u0152\u00e5\u2026\u00a8\u00e6\u0153\u2030\u00e6\u0153\u00ba\u00e7\u0161\u201e\u00e6\u00b5\u00b7\u00e8\u2014\u00bb\u00ef\u00bc\u0152\u00e5\u00af\u00b9\u00e4\u00ba\u00ba\u00e4\u00bd\u201c100\u00ef\u00bc\u2026\u00e5\u00ae\u2030\u00e5\u2026\u00a8\u00e3\u20ac\u201a\u00e5\u2026\u00bb\u00e6\u00ae\u2013CELLTON\u00e2\u201e\u00a2\u00e6\u00b5\u00b7\u00e6\u00b4\u2039\u00e5\u008d\u2022\u00e7\u00bb\u2020\u00e8\u0192\u017e\u00e6\u00b5\u00b7\u00e8\u2014\u00bb\u00e7\u0161\u201e\u00e6\u00b0\u00b4\u00e5\u0178\u0178\u00e5\u00b7\u00b2\u00e7\u00bb\u008f\u00e7\u00bb\u008f\u00e8\u00bf\u2021\u00e4\u00ba\u2020800\u00e5\u00a4\u0161\u00e6\u00ac\u00a1\u00e6\u00b5\u00b7\u00e6\u00b4\u2039\u00e6\u00b5\u00b7\u00e8\u2014\u00bb\u00e6\u00af\u2019\u00e6\u20ac\u00a7\u00e8\u00af\u2022\u00e9\u00aa\u0152\u00ef\u00bc\u0152\u00e5\u00b9\u00b6\u00e4\u00b8\u201d\u00e6\u00af\u008f\u00e5\u00a4\u00a9\u00e9\u0192\u00bd\u00e6\u0152\u0081\u00e7\u00bb\u00ad\u00e6\u017d\u00a5\u00e5\u008f\u2014\u00e7\u009d\u20ac\u00e5\u0160\u00a0\u00e6\u2039\u00bf\u00e5\u00a4\u00a7\u00e6\u201d\u00bf\u00e5\u00ba\u0153\u00e6\u00b5\u00b7\u00e6\u00b4\u2039\u00e7\u00a0\u201d\u00e7\u00a9\u00b6\u00e6\u2030\u20ac\u00e7\u0161\u201e\u00e4\u00b8\u00a5\u00e6\u00a0\u00bc\u00e7\u203a\u2018\u00e7\u00ae\u00a1\u00e4\u00b8\u017d\u00e6\u00b5\u2039\u00e8\u00af\u2022\u00e3\u20ac\u201a<\/li>\n<li>CELLTON\u00e2\u201e\u00a2\u00e6\u00b5\u00b7\u00e6\u00b4\u2039\u00e5\u008d\u2022\u00e7\u00bb\u2020\u00e8\u0192\u017e\u00e6\u00b5\u00b7\u00e8\u2014\u00bb\u00e5\u0153\u00a8\u00e5\u2026\u00bb\u00e6\u00ae\u2013\u00e3\u20ac\u0081\u00e8\u0090\u0192\u00e5\u008f\u2013\u00e5\u2019\u0152\u00e5\u00b9\u00b2\u00e7\u2021\u00a5\u00e7\u00a8\u2039\u00e5\u00ba\u008f\u00e4\u00b8\u00ad\u00e4\u00bd\u00bf\u00e7\u201d\u00a8\u00e4\u00ba\u20206\u00e9\u00a1\u00b9\u00e4\u00b8\u201c\u00e5\u02c6\u00a9\u00e6\u0160\u20ac\u00e6\u0153\u00af\u00ef\u00bc\u0152\u00e4\u00ba\u00a7\u00e5\u201c\u0081\u00e7\u0161\u201e\u00e7\u00a7\u2018\u00e6\u0160\u20ac\u00e5\u0090\u00ab\u00e9\u2021\u008f\u00e6\u017e\u0081\u00e9\u00ab\u02dc\u00e3\u20ac\u201a\u00e5\u00b0\u00a4\u00e5\u2026\u00b6\u00e6\u02dc\u00af\u00e6\u02c6\u2018\u00e4\u00bb\u00ac\u00e5\u0153\u00a8\u00e5\u00b9\u00b2\u00e7\u2021\u00a5\u00e8\u00bf\u2021\u00e7\u00a8\u2039\u00e4\u00b8\u00ad\u00e6\u2030\u20ac\u00e9\u2021\u2021\u00e7\u201d\u00a8\u00e7\u0161\u201e\u00e4\u00b8\u201c\u00e5\u02c6\u00a9\u00e8\u00ae\u00be\u00e5\u00a4\u2021\u00ef\u00bc\u008d\u00e6\u0160\u02dc\u00e5\u00b0\u201e\u00e7\u00aa\u2014\u00e5\u00b9\u00b2\u00e7\u2021\u00a5\u00e5\u2122\u00a8\u00ef\u00bc\u0152\u00e5\u00ae\u0192\u00e6\u017e\u0081\u00e5\u00a4\u00a7\u00e7\u00a8\u2039\u00e5\u00ba\u00a6\u00e7\u0161\u201e\u00e4\u00bf\u009d\u00e7\u2022\u2122\u00e4\u00ba\u2020\u00e5\u008d\u2022\u00e7\u00bb\u2020\u00e8\u0192\u017e\u00e6\u00b5\u00b7\u00e8\u2014\u00bb\u00e6\u02c6\u0090\u00e4\u00bb\u00bd\u00e4\u00b8\u00ad\u00e7\u0161\u201e\u00e6\u00b4\u00bb\u00e6\u20ac\u00a7\u00e5\u2026\u0192\u00e7\u00b4\u00a0\u00ef\u00bc\u0152\u00e4\u00bb\u00a5\u00e7\u00a1\u00ae\u00e4\u00bf\u009d\u00e5\u00af\u00b9\u00e4\u00ba\u00ba\u00e4\u00bd\u201c\u00e7\u00bb\u2020\u00e8\u0192\u017e\u00e7\u0161\u201e\u00e4\u00bd\u0153\u00e7\u201d\u00a8\u00e6\u0153\u20ac\u00e5\u00bc\u00ba\u00e3\u20ac\u201a\u00e4\u00b8\u20ac\u00e8\u02c6\u00ac\u00e7\u0161\u201e\u00e6\u00b5\u00b7\u00e8\u2014\u00bb\u00e4\u00ba\u00a7\u00e5\u201c\u0081\u00e9\u0192\u00bd\u00e6\u02dc\u00af\u00e9\u2021\u2021\u00e7\u201d\u00a8\u00e5\u2013\u00b7\u00e9\u203a\u00be\u00e5\u00b9\u00b2\u00e7\u2021\u00a5\u00e6\u02c6\u2013\u00e8\u20ac\u2026\u00e5\u2020\u00bb\u00e5\u00b9\u00b2\u00e7\u0161\u201e\u00e3\u20ac\u201a<\/li>\n<\/ul>\n","protected":false},"excerpt":{"rendered":"<p>\u00e7\u203a\u00ae\u00e5\u2030\u008d\u00e5\u00b8\u201a\u00e5\u0153\u00ba\u00e4\u00b8\u0160\u00e9\u201d\u20ac\u00e5\u201d\u00ae\u00e7\u0161\u201e\u00e6\u00b5\u00b7\u00e8\u2014\u00bb\u00e7\u00b1\u00bb\u00e4\u00bf\u009d\u00e5\u0081\u00a5\u00e5\u201c\u0081\u00e4\u00b8\u20ac\u00e8\u02c6\u00ac\u00e5\u008f\u00aa\u00e5\u0090\u00ab\u00e6\u0153\u2030\u00e4\u00b8\u20ac\u00e7\u00a7\u008d\u00e6\u00b5\u00b7\u00e8\u2014\u00bb\u00e7\u00b1\u00bb\u00e5\u02c6\u00ab\u00ef\u00bc\u0152\u00e6\u0153\u20ac\u00e9\u00ab\u02dc\u00e7\u00ab\u00af\u00e7\u0161\u201e\u00e4\u00ba\u00a7\u00e5\u201c\u0081\u00e6\u0153\u20ac\u00e5\u00a4\u0161\u00e4\u00b9\u0178\u00e5\u008f\u00aa\u00e5\u0090\u00ab\u00e6\u0153\u203040\u00e5\u00a4\u0161\u00e7\u00a7\u008d\u00e6\u00b5\u00b7\u00e8\u2014\u00bb\u00e3\u20ac\u201a\u00e8\u20ac\u0152CELLTON\u00e2\u201e\u00a2\u00e6\u00b5\u00b7\u00e6\u00b4\u2039\u00e5\u008d\u2022\u00e7\u00bb\u2020\u00e8\u0192\u017e\u00e6\u00b5\u00b7\u00e8\u2014\u00bb\u00e5\u0152\u2026\u00e5\u0090\u00ab\u00e4\u00ba\u2020200\u00e5\u00a4\u0161\u00e7\u00a7\u008d\u00e6\u00b5\u00b7\u00e8\u2014\u00bb\u00e7\u00b1\u00bb\u00e5\u02c6\u00ab\u00ef\u00bc\u0152\u00e6\u2030\u20ac\u00e4\u00bb\u00a5\u00e8\u0090\u00a5\u00e5\u2026\u00bb\u00e6\u203a\u00b4\u00e4\u00b8\u00ba\u00e9\u00bd\u0090\u00e5\u2026\u00a8\u00ef\u00bc\u0152\u00e5\u00af\u00b9\u00e7\u2014\u2026\u00e7\u2014\u2021\u00e7\u0161\u201e\u00e6\u2022\u02c6\u00e6\u017e\u0153\u00e4\u00b9\u0178\u00e6\u203a\u00b4\u00e4\u00b8\u00ba\u00e6\u02dc\u00be\u00e8\u2018\u2014\u00e3\u20ac\u201a \u00e7\u203a\u00ae\u00e5\u2030\u008d\u00e5\u00b8\u201a\u00e5\u0153\u00ba\u00e4\u00b8\u0160\u00e6\u0153\u2030\u00e4\u00b8\u20ac\u00e4\u00ba\u203a\u00e5\u2026\u00bb\u00e6\u00ae\u2013\u00e5\u0153\u00ba\u00e4\u00b8\u00ba\u00e4\u00ba\u2020\u00e8\u00bf\u00bd\u00e6\u00b1\u201a\u00e6\u0161\u00b4\u00e5\u02c6\u00a9\u00e5\u0153\u00a8\u00e5\u2026\u00bb\u00e6\u00ae\u2013\u00e8\u00bf\u2021\u00e7\u00a8\u2039\u00e4\u00b8\u00ad\u00e4\u00bd\u00bf\u00e7\u201d\u00a8\u00e4\u00ba\u2020\u00e6\u0178\u0090\u00e4\u00ba\u203a\u00e4\u00b8\u008d\u00e5\u02c6\u00a9\u00e4\u00ba\u017d\u00e4\u00ba\u00ba\u00e4\u00bd\u201c\u00e5\u0081\u00a5\u00e5\u00ba\u00b7\u00e7\u0161\u201e\u00e5\u0152\u2013\u00e5\u00ad\u00a6\u00e5\u02c6\u00b6\u00e5\u201c\u0081\u00e6\u02c6\u2013\u00e6\u00b7\u00bb\u00e5\u0160\u00a0\u00e5\u2030\u201a\u00e3\u20ac\u201a\u00e8\u00bf\u02dc\u00e6\u0153\u2030\u00e4\u00b8\u20ac\u00e4\u00ba\u203a\u00e5\u2026\u00bb\u00e6\u00ae\u2013\u00e5\u0153\u00ba\u00e4\u00b8\u00ba\u00e4\u00ba\u2020\u00e9\u2122\u008d\u00e4\u00bd\u017d\u00e6\u02c6\u0090\u00e6\u0153\u00ac\u00e5\u0153\u00a8\u00e9\u2122\u2020\u00e5\u0153\u00b0\u00e7\u0161\u201e\u00e6\u00b7\u00a1\u00e6\u00b0\u00b4\u00e4\u00b8\u00ad\u00e5\u0160\u00a0\u00e5\u2026\u00a5\u00e6\u00b5\u00b7\u00e7\u203a\u0090\u00e6\u00a8\u00a1\u00e6\u2039\u0178\u00e6\u00b5\u00b7\u00e6\u00b4\u2039\u00e7\u017d\u00af\u00e5\u00a2\u0192\u00e8\u00bf\u203a\u00e8\u00a1\u0152\u00e5\u2026\u00bb\u00e6\u00ae\u2013\u00ef\u00bc\u0152\u00e6\u203a\u00b4\u00e6\u0153\u2030\u00e7\u201d\u0161\u00e8\u20ac\u2026\u00e7\u203a\u00b4\u00e6\u017d\u00a5\u00e9\u2021\u2021\u00e7\u201d\u00a8\u00e6\u00b7\u00a1\u00e6\u00b0\u00b4\u00e8\u00bf\u203a\u00e8\u00a1\u0152\u00e5\u2026\u00bb\u00e6\u00ae\u2013\u00ef\u00bc\u0152\u00e8\u00bf\u2122\u00e4\u00ba\u203a\u00e5\u2026\u00bb\u00e6\u00ae\u2013\u00e6\u2013\u00b9\u00e5\u00bc\u008f\u00e6\u2030\u20ac\u00e7\u201d\u0178\u00e4\u00ba\u00a7\u00e5\u2021\u00ba\u00e7\u0161\u201e\u00e6\u00b5\u00b7\u00e8\u2014\u00bb\u00e4\u00b8\u008d\u00e6\u02dc\u00af\u00e6\u02c6\u2018\u00e4\u00bb\u00ac\u00e7\u0153\u0178\u00e6\u00ad\u00a3\u00e9\u0153\u20ac\u00e8\u00a6\u0081\u00e7\u0161\u201e\u00e4\u00ba\u00a7\u00e5\u201c\u0081\u00ef\u00bc\u0152\u00e4\u00be\u2039\u00e5\u00a6\u201a\u00e8\u017e\u00ba\u00e6\u2014\u2039\u00e8\u2014\u00bb\u00e5\u00b0\u00b1\u00e6\u02dc\u00af\u00e5\u008f\u00af\u00e4\u00bb\u00a5\u00e5\u0153\u00a8\u00e6\u00b7\u00a1\u00e6\u00b0\u00b4\u00e4\u00b8\u00ad\u00e5\u2026\u00bb\u00e6\u00ae\u2013\u00e7\u0161\u201e\u00e8\u2014\u00bb\u00e7\u00b1\u00bb\u00e3\u20ac\u201aCELLTON\u00e2\u201e\u00a2\u00e6\u00b5\u00b7\u00e6\u00b4\u2039\u00e5\u008d\u2022\u00e7\u00bb\u2020\u00e8\u0192\u017e\u00e6\u00b5\u00b7\u00e8\u2014\u00bb\u00e6\u02dc\u00af\u00e5\u0153\u00a8\u00e7\u00ba\u00af\u00e5\u00a4\u00a9\u00e7\u201e\u00b6\u00e4\u00b8\u201d\u00e6\u2014\u00a0\u00e6\u00af\u2019\u00e6\u2014\u00a0\u00e6\u00b1\u00a1\u00e6\u0178\u201c\u00e7\u0161\u201e\u00e5\u017d\u0178\u00e5\u00a7\u2039\u00e6\u00b5\u00b7\u00e6\u00b4\u2039\u00e7\u201d\u0178\u00e6\u20ac\u0081\u00e7\u017d\u00af\u00e5\u00a2\u0192\u00e4\u00b8\u00ad\u00e5\u0178\u00b9\u00e6\u00a4\u008d\u00e7\u0161\u201e\u00e4\u00ba\u00a7\u00e5\u201c\u0081\u00ef\u00bc\u0152\u00e6\u00b2\u00a1\u00e6\u0153\u2030\u00e4\u00bd\u00bf\u00e7\u201d\u00a8\u00e4\u00bb\u00bb\u00e4\u00bd\u2022\u00e5\u0152\u2013\u00e5\u00ad\u00a6\u00e6\u02c6\u0090\u00e4\u00bb\u00bd\u00e5\u2019\u0152\u00e6\u00b7\u00bb\u00e5\u0160\u00a0\u00e5\u2030\u201a\u00e3\u20ac\u201a\u00e5\u00ae\u0192\u00e6\u02dc\u00af\u00e5\u00ae\u0152\u00e5\u2026\u00a8\u00e6\u0153\u2030\u00e6\u0153\u00ba\u00e7\u0161\u201e\u00e6\u00b5\u00b7\u00e8\u2014\u00bb\u00ef\u00bc\u0152\u00e5\u00af\u00b9\u00e4\u00ba\u00ba\u00e4\u00bd\u201c100\u00ef\u00bc\u2026\u00e5\u00ae\u2030\u00e5\u2026\u00a8\u00e3\u20ac\u201a\u00e5\u2026\u00bb\u00e6\u00ae\u2013CELLTON\u00e2\u201e\u00a2\u00e6\u00b5\u00b7\u00e6\u00b4\u2039\u00e5\u008d\u2022\u00e7\u00bb\u2020\u00e8\u0192\u017e\u00e6\u00b5\u00b7\u00e8\u2014\u00bb\u00e7\u0161\u201e\u00e6\u00b0\u00b4\u00e5\u0178\u0178\u00e5\u00b7\u00b2\u00e7\u00bb\u008f\u00e7\u00bb\u008f\u00e8\u00bf\u2021\u00e4\u00ba\u2020800\u00e5\u00a4\u0161\u00e6\u00ac\u00a1\u00e6\u00b5\u00b7\u00e6\u00b4\u2039\u00e6\u00b5\u00b7\u00e8\u2014\u00bb\u00e6\u00af\u2019\u00e6\u20ac\u00a7\u00e8\u00af\u2022\u00e9\u00aa\u0152\u00ef\u00bc\u0152\u00e5\u00b9\u00b6\u00e4\u00b8\u201d\u00e6\u00af\u008f\u00e5\u00a4\u00a9\u00e9\u0192\u00bd\u00e6\u0152\u0081\u00e7\u00bb\u00ad\u00e6\u017d\u00a5\u00e5\u008f\u2014\u00e7\u009d\u20ac\u00e5\u0160\u00a0\u00e6\u2039\u00bf\u00e5\u00a4\u00a7\u00e6\u201d\u00bf\u00e5\u00ba\u0153\u00e6\u00b5\u00b7\u00e6\u00b4\u2039\u00e7\u00a0\u201d\u00e7\u00a9\u00b6\u00e6\u2030\u20ac\u00e7\u0161\u201e\u00e4\u00b8\u00a5\u00e6\u00a0\u00bc\u00e7\u203a\u2018\u00e7\u00ae\u00a1\u00e4\u00b8\u017d\u00e6\u00b5\u2039\u00e8\u00af\u2022\u00e3\u20ac\u201a CELLTON\u00e2\u201e\u00a2\u00e6\u00b5\u00b7\u00e6\u00b4\u2039\u00e5\u008d\u2022\u00e7\u00bb\u2020\u00e8\u0192\u017e\u00e6\u00b5\u00b7\u00e8\u2014\u00bb\u00e5\u0153\u00a8\u00e5\u2026\u00bb\u00e6\u00ae\u2013\u00e3\u20ac\u0081\u00e8\u0090\u0192\u00e5\u008f\u2013\u00e5\u2019\u0152\u00e5\u00b9\u00b2\u00e7\u2021\u00a5\u00e7\u00a8\u2039\u00e5\u00ba\u008f\u00e4\u00b8\u00ad\u00e4\u00bd\u00bf\u00e7\u201d\u00a8\u00e4\u00ba\u20206\u00e9\u00a1\u00b9\u00e4\u00b8\u201c\u00e5\u02c6\u00a9\u00e6\u0160\u20ac\u00e6\u0153\u00af\u00ef\u00bc\u0152\u00e4\u00ba\u00a7\u00e5\u201c\u0081\u00e7\u0161\u201e\u00e7\u00a7\u2018\u00e6\u0160\u20ac\u00e5\u0090\u00ab\u00e9\u2021\u008f\u00e6\u017e\u0081\u00e9\u00ab\u02dc\u00e3\u20ac\u201a\u00e5\u00b0\u00a4\u00e5\u2026\u00b6\u00e6\u02dc\u00af\u00e6\u02c6\u2018\u00e4\u00bb\u00ac\u00e5\u0153\u00a8\u00e5\u00b9\u00b2\u00e7\u2021\u00a5\u00e8\u00bf\u2021\u00e7\u00a8\u2039\u00e4\u00b8\u00ad\u00e6\u2030\u20ac\u00e9\u2021\u2021\u00e7\u201d\u00a8\u00e7\u0161\u201e\u00e4\u00b8\u201c\u00e5\u02c6\u00a9\u00e8\u00ae\u00be\u00e5\u00a4\u2021\u00ef\u00bc\u008d\u00e6\u0160\u02dc\u00e5\u00b0\u201e\u00e7\u00aa\u2014\u00e5\u00b9\u00b2\u00e7\u2021\u00a5\u00e5\u2122\u00a8\u00ef\u00bc\u0152\u00e5\u00ae\u0192\u00e6\u017e\u0081\u00e5\u00a4\u00a7\u00e7\u00a8\u2039\u00e5\u00ba\u00a6\u00e7\u0161\u201e\u00e4\u00bf\u009d\u00e7\u2022\u2122\u00e4\u00ba\u2020\u00e5\u008d\u2022\u00e7\u00bb\u2020\u00e8\u0192\u017e\u00e6\u00b5\u00b7\u00e8\u2014\u00bb\u00e6\u02c6\u0090\u00e4\u00bb\u00bd\u00e4\u00b8\u00ad\u00e7\u0161\u201e\u00e6\u00b4\u00bb\u00e6\u20ac\u00a7\u00e5\u2026\u0192\u00e7\u00b4\u00a0\u00ef\u00bc\u0152\u00e4\u00bb\u00a5\u00e7\u00a1\u00ae\u00e4\u00bf\u009d\u00e5\u00af\u00b9\u00e4\u00ba\u00ba\u00e4\u00bd\u201c\u00e7\u00bb\u2020\u00e8\u0192\u017e\u00e7\u0161\u201e\u00e4\u00bd\u0153\u00e7\u201d\u00a8\u00e6\u0153\u20ac\u00e5\u00bc\u00ba\u00e3\u20ac\u201a\u00e4\u00b8\u20ac\u00e8\u02c6\u00ac\u00e7\u0161\u201e\u00e6\u00b5\u00b7\u00e8\u2014\u00bb\u00e4\u00ba\u00a7\u00e5\u201c\u0081\u00e9\u0192\u00bd\u00e6\u02dc\u00af\u00e9\u2021\u2021\u00e7\u201d\u00a8\u00e5\u2013\u00b7\u00e9\u203a\u00be\u00e5\u00b9\u00b2\u00e7\u2021\u00a5\u00e6\u02c6\u2013\u00e8\u20ac\u2026\u00e5\u2020\u00bb\u00e5\u00b9\u00b2\u00e7\u0161\u201e\u00e3\u20ac\u201a<\/p>\n","protected":false},"author":1,"featured_media":0,"parent":20,"menu_order":0,"comment_status":"open","ping_status":"open","template":"","meta":[],"_links":{"self":[{"href":"http:\/\/canadacellton.ca\/cn\/wp-json\/wp\/v2\/pages\/30"}],"collection":[{"href":"http:\/\/canadacellton.ca\/cn\/wp-json\/wp\/v2\/pages"}],"about":[{"href":"http:\/\/canadacellton.ca\/cn\/wp-json\/wp\/v2\/types\/page"}],"author":[{"embeddable":true,"href":"http:\/\/canadacellton.ca\/cn\/wp-json\/wp\/v2\/users\/1"}],"replies":[{"embeddable":true,"href":"http:\/\/canadacellton.ca\/cn\/wp-json\/wp\/v2\/comments?post=30"}],"version-history":[{"count":1,"href":"http:\/\/canadacellton.ca\/cn\/wp-json\/wp\/v2\/pages\/30\/revisions"}],"predecessor-version":[{"id":31,"href":"http:\/\/canadacellton.ca\/cn\/wp-json\/wp\/v2\/pages\/30\/revisions\/31"}],"up":[{"embeddable":true,"href":"http:\/\/canadacellton.ca\/cn\/wp-json\/wp\/v2\/pages\/20"}],"wp:attachment":[{"href":"http:\/\/canadacellton.ca\/cn\/wp-json\/wp\/v2\/media?parent=30"}],"curies":[{"name":"wp","href":"https:\/\/api.w.org\/{rel}","templated":true}]}}